{"id":291,"date":"2023-11-29T17:43:11","date_gmt":"2023-11-29T16:43:11","guid":{"rendered":"https:\/\/www.crisolar.com\/accesibility-2\/"},"modified":"2023-11-29T17:43:11","modified_gmt":"2023-11-29T16:43:11","slug":"accesibility","status":"publish","type":"page","link":"https:\/\/www.crisolar.com\/es\/accesibility\/","title":{"rendered":"Accesibilidad"},"content":{"rendered":"\n<p><strong>CRISOLAR&nbsp;<\/strong>se ha comprometido a hacer accesibles sus sitios web, de conformidad con el&nbsp;<a href=\"https:\/\/www.boe.es\/buscar\/act.php?id=BOE-A-2018-12699\">Real Decreto 1112\/2018<\/a>, de 7 de septiembre, sobre accesibilidad de los sitios web y aplicaciones para dispositivos m\u00f3viles, por la que se traspone al ordenamiento jur\u00eddico espa\u00f1ol la&nbsp;<a href=\"https:\/\/eur-lex.europa.eu\/legal-content\/ES\/TXT\/?uri=uriserv:OJ.L_.2016.327.01.0001.01.SPA&amp;toc=OJ:L:2016:327:FULL\">Directiva (UE) 2016\/2102 del Parlamento Europeo y del Consejo<\/a>.<\/p>\n\n\n\n<p>La presente declaraci\u00f3n de accesibilidad se aplica a la web&nbsp;<strong>WWW.CRISOLAR.COM<\/strong>.<\/p>\n\n\n\n<p><strong>Situaci\u00f3n de cumplimiento<\/strong><strong><\/strong><\/p>\n\n\n\n<p>Este sitio web es&nbsp;<strong>plenamente conforme<\/strong>&nbsp;con el&nbsp;<a href=\"https:\/\/www.boe.es\/diario_boe\/txt.php?id=BOE-A-2018-12699\">RD 1112\/2018<\/a>&nbsp;debido a las excepciones y a la falta de conformidad de los aspectos que se indican a continuaci\u00f3n.<\/p>\n\n\n\n<p><strong>Contenido no accesible<\/strong><strong><\/strong><\/p>\n\n\n\n<p>El contenido que se recoge a continuaci\u00f3n no es accesible por lo siguiente:<\/p>\n\n\n\n<p><strong>Falta de conformidad con el RD 1112\/2018:<\/strong><\/p>\n\n\n\n<ul class=\"wp-block-list\">\n<li>Debido a la automatizaci\u00f3n de algunas de las publicaciones podr\u00edan existir p\u00e1ginas con un incorrecto anidamiento de etiquetas HTML.<\/li>\n\n\n\n<li>Existen documentos en formato PDF que no cumplen con la normativa existiendo en algunos de ellos, una alternativa textual HTML que cumple la normativa.<\/li>\n\n\n\n<li>Podr\u00edan existir fallos puntuales de edici\u00f3n en alguna p\u00e1gina web.<\/li>\n<\/ul>\n\n\n\n<p><strong>Carga desproporcionada:<\/strong><\/p>\n\n\n\n<ul class=\"wp-block-list\">\n<li>No aplica.<\/li>\n<\/ul>\n\n\n\n<p><strong>Contenido que no entra dentro del \u00e1mbito de la legislaci\u00f3n aplicable<\/strong><\/p>\n\n\n\n<ul class=\"wp-block-list\">\n<li>Archivos ofim\u00e1ticos en PDF u otros formatos, as\u00ed como aplicaciones publicadas antes del 20 de septiembre de 2018 que no cumplan en su totalidad todos los requisitos de accesibilidad.<\/li>\n\n\n\n<li>Servicios de mapa y cartograf\u00eda en l\u00ednea.<\/li>\n<\/ul>\n\n\n\n<p><strong>Preparaci\u00f3n de la presente declaraci\u00f3n de accesibilidad<\/strong><strong><\/strong><\/p>\n\n\n\n<p>La presente declaraci\u00f3n fue preparada el 28 de octubre de 2019 y est\u00e1 basada en los Informes de Accesibilidad Web del&nbsp;<a href=\"https:\/\/administracionelectronica.gob.es\/pae_Home\/pae_Estrategias\/pae_Accesibilidad.html\">Observatorio de Accesibilidad<\/a>.<\/p>\n\n\n\n<p>La fecha de la \u00faltima revisi\u00f3n ha sido el 29 de septiembre de 2020.<\/p>\n\n\n\n<p><strong>Observaciones y datos de contacto<\/strong><strong><\/strong><\/p>\n\n\n\n<p>Puede realizar&nbsp;<strong>comunicaciones<\/strong>&nbsp;sobre requisitos de accesibilidad (art\u00edculo 10.2 del RD 1112\/2018) como, por ejemplo:<\/p>\n\n\n\n<ul class=\"wp-block-list\">\n<li>Informar sobre cualquier posible incumplimiento por parte de este sitio web.<\/li>\n\n\n\n<li>Transmitir otras&nbsp;<strong>dificultades de acceso<\/strong>&nbsp;al contenido.<\/li>\n\n\n\n<li>Formular cualquier otra&nbsp;<strong>consulta o sugerencia de mejora<\/strong>&nbsp;relativa a la accesibilidad del sitio web a trav\u00e9s del&nbsp;<a href=\"https:\/\/www.mendozaalvarezabogados.com\/#!\/contact\">formulario de contacto<\/a>&nbsp;de este sitio web.<\/li>\n<\/ul>\n\n\n\n<p>Las comunicaciones ser\u00e1n recibidas y tratadas por&nbsp;<strong>WWW.CRISOLAR.COM<\/strong>.<\/p>\n\n\n\n<p><strong>Procedimiento de aplicaci\u00f3n<\/strong><strong><\/strong><\/p>\n\n\n\n<p>Se pondr\u00e1 en marcha un procedimiento de aplicaci\u00f3n adecuado y eficaz al que debe recurrirse en caso de que la respuesta a la comunicaci\u00f3n o a la solicitud sea insatisfactoria.<\/p>\n\n\n\n<p><strong>Contenido opcional<\/strong><strong><\/strong><\/p>\n\n\n\n<p>Este sitio web:<\/p>\n\n\n\n<ul class=\"wp-block-list\">\n<li>Se ha dise\u00f1ado adapt\u00e1ndose a los est\u00e1ndares y normativas vigentes en relaci\u00f3n a la accesibilidad, cumpliendo con los puntos de verificaci\u00f3n de prioridad 2 (AA) definidos en la especificaci\u00f3n de Pautas de Accesibilidad al Contenido en la Web (WCAG 2.1).<\/li>\n\n\n\n<li>Cumple con los requisitos de la Norma&nbsp;<a href=\"https:\/\/administracionelectronica.gob.es\/pae_Home\/dam\/jcr:2352eaaf-2ee8-4501-a67b-bb682c6de934\/Norma_UNE-EN_301549.pdf\">UNE-EN 301549 v1.1.2:2015<\/a>, considerando las excepciones del Real Decreto 1112\/2018.<\/li>\n\n\n\n<li>Est\u00e1 dise\u00f1ado para su correcta visualizaci\u00f3n en dispositivos de escritorio, tablets y m\u00f3viles para una resoluci\u00f3n m\u00ednima de 1280\u00d71024.<\/li>\n\n\n\n<li>Se ha realizado utilizando HTML5 como lenguaje de marcado y hojas de estilo CSS3 para su dise\u00f1o.<\/li>\n\n\n\n<li>Est\u00e1 dise\u00f1ado para su uso con JavaScript no intrusivo ofreciendo, en el caso de que su navegador no lo soporte, su correspondiente alternativa no JavaScript.<\/li>\n<\/ul>\n","protected":false},"excerpt":{"rendered":"<p>CRISOLAR&nbsp;se ha comprometido a hacer accesibles sus sitios web, de conformidad con el&nbsp;Real Decreto 1112\/2018, de 7 de septiembre, sobre<span class=\"excerpt-hellip\"> [\u2026]<\/span><\/p>\n","protected":false},"author":1,"featured_media":0,"parent":0,"menu_order":0,"comment_status":"closed","ping_status":"closed","template":"","meta":{"footnotes":""},"class_list":["post-291","page","type-page","status-publish","hentry"],"_links":{"self":[{"href":"https:\/\/www.crisolar.com\/es\/wp-json\/wp\/v2\/pages\/291","targetHints":{"allow":["GET"]}}],"collection":[{"href":"https:\/\/www.crisolar.com\/es\/wp-json\/wp\/v2\/pages"}],"about":[{"href":"https:\/\/www.crisolar.com\/es\/wp-json\/wp\/v2\/types\/page"}],"author":[{"embeddable":true,"href":"https:\/\/www.crisolar.com\/es\/wp-json\/wp\/v2\/users\/1"}],"replies":[{"embeddable":true,"href":"https:\/\/www.crisolar.com\/es\/wp-json\/wp\/v2\/comments?post=291"}],"version-history":[{"count":0,"href":"https:\/\/www.crisolar.com\/es\/wp-json\/wp\/v2\/pages\/291\/revisions"}],"wp:attachment":[{"href":"https:\/\/www.crisolar.com\/es\/wp-json\/wp\/v2\/media?parent=291"}],"curies":[{"name":"wp","href":"https:\/\/api.w.org\/{rel}","templated":true}]}}